{"id":336,"date":"2018-06-20T12:03:20","date_gmt":"2018-06-20T12:03:20","guid":{"rendered":"http:\/\/toul.fr\/cathedrale800ans\/?page_id=336"},"modified":"2021-06-17T16:09:37","modified_gmt":"2021-06-17T14:09:37","slug":"our-services","status":"publish","type":"page","link":"https:\/\/toul.fr\/cathedrale800ans\/our-services\/","title":{"rendered":"RGPD"},"content":{"rendered":"\t\t<div data-elementor-type=\"wp-post\" data-elementor-id=\"336\" class=\"elementor elementor-336\" data-elementor-settings=\"[]\">\n\t\t\t\t\t\t<div class=\"elementor-inner\">\n\t\t\t\t\t\t\t<div class=\"elementor-section-wrap\">\n\t\t\t\t\t\t\t<section class=\"elementor-section elementor-top-section elementor-element elementor-element-cbadfe3 elementor-section-stretched elementor-section-full_width hide_bg_image_on_tablet hide_bg_image_on_mobile elementor-section-height-default elementor-section-height-default\" data-id=\"cbadfe3\" data-element_type=\"section\" data-settings=\"{&quot;stretch_section&quot;:&quot;section-stretched&quot;,&quot;background_background&quot;:&quot;classic&quot;}\">\n\t\t\t\t\t\t<div class=\"elementor-container elementor-column-gap-no\">\n\t\t\t\t\t\t\t<div class=\"elementor-row\">\n\t\t\t\t\t<div class=\"elementor-column elementor-col-100 elementor-top-column elementor-element elementor-element-bb31b11 sc_layouts_column_icons_position_left\" data-id=\"bb31b11\" data-element_type=\"column\">\n\t\t\t<div class=\"elementor-column-wrap elementor-element-populated\">\n\t\t\t\t\t\t\t<div class=\"elementor-widget-wrap\">\n\t\t\t\t\t\t<section class=\"elementor-section elementor-inner-section elementor-element elementor-element-6988243 elementor-section-boxed elementor-section-height-default elementor-section-height-default\" data-id=\"6988243\" data-element_type=\"section\">\n\t\t\t\t\t\t<div class=\"elementor-container elementor-column-gap-no\">\n\t\t\t\t\t\t\t<div class=\"elementor-row\">\n\t\t\t\t\t<div class=\"elementor-column elementor-col-100 elementor-inner-column elementor-element elementor-element-e307748 sc_layouts_column_icons_position_left\" data-id=\"e307748\" data-element_type=\"column\">\n\t\t\t<div class=\"elementor-column-wrap elementor-element-populated\">\n\t\t\t\t\t\t\t<div class=\"elementor-widget-wrap\">\n\t\t\t\t\t\t<div class=\"elementor-element elementor-element-292bf72 elementor-widget elementor-widget-text-editor\" data-id=\"292bf72\" data-element_type=\"widget\" data-widget_type=\"text-editor.default\">\n\t\t\t\t<div class=\"elementor-widget-container\">\n\t\t\t\t\t\t\t\t<div class=\"elementor-text-editor elementor-clearfix\">\n\t\t\t\t\t<h2>\u00a0<\/h2><h2 class=\"titre-article surlignable\">POLITIQUE DE PROTECTION DES DONN\u00c9ES<\/h2><div class=\"texte surlignable clearfix\"><h3 class=\"spip\">Informations g\u00e9n\u00e9rales<\/h3><p>La Vile de Toul est l\u2019\u00e9diteur du contenu du site internet\u00a0<a class=\"spip_url spip_out auto\" href=\"http:\/\/www.toul.fr\/\" rel=\"nofollow external\">www.toul.fr<\/a>\u00a0et le responsable des traitements de donn\u00e9es s\u2019y trouvant.<\/p><h3 class=\"spip\">Mesures de s\u00e9curit\u00e9<\/h3><p>Tr\u00e8s soucieuse de la qualit\u00e9 de ses services, la Vile de Toul est engag\u00e9e depuis tr\u00e8s longtemps dans une d\u00e9marche visant \u00e0 garantir la s\u00e9curit\u00e9 des donn\u00e9es qui lui sont confi\u00e9es. Tous les \u00e9changes avec notre site internet sont chiffr\u00e9s afin de garantir la confidentialit\u00e9 des donn\u00e9es et ces derni\u00e8res sont stock\u00e9es sur des serveurs dont la s\u00e9curit\u00e9 est assur\u00e9e par un prestataire reconnu dans le domaine de l\u2019h\u00e9bergement\u00a0: OVH.<br class=\"autobr\" \/>Notre service informatique veille continuellement \u00e0 l\u2019int\u00e9grit\u00e9 du syst\u00e8me d\u2019information et des solutions num\u00e9riques tout en garantissant une gestion fine des droits d\u2019acc\u00e8s permettant de s\u2019assurer que seules les personnes comp\u00e9tentes peuvent traiter vos donn\u00e9es.<br class=\"autobr\" \/>De plus, un D\u00e9l\u00e9gu\u00e9 \u00e0 la Protection des Donn\u00e9es a \u00e9t\u00e9 d\u00e9sign\u00e9 afin de veiller au respect des r\u00e8glementations fran\u00e7aises et europ\u00e9ennes en vigueur en mati\u00e8re de protection des donn\u00e9es.<\/p><h3 class=\"spip\">Donn\u00e9es personnelles collect\u00e9es<\/h3><p>Au cours de votre visite sur notre site internet, aucune donn\u00e9e n\u2019est collect\u00e9e \u00e0 votre insu. Seules deux sources de collecte de donn\u00e9es personnelles sont pr\u00e9sentes\u00a0:<br \/><img decoding=\"async\" loading=\"lazy\" class=\"puce\" src=\"https:\/\/toul.fr\/local\/cache-vignettes\/L8xH11\/puce-32883.gif?1623845664\" alt=\"-\" width=\"8\" height=\"11\" \/>\u00a0 les cookies (veuillez vous rapporter \u00e0 la section \u00ab\u00a0Cookies\u00a0\u00bb de cette page)<br \/><img decoding=\"async\" loading=\"lazy\" class=\"puce\" src=\"https:\/\/toul.fr\/local\/cache-vignettes\/L8xH11\/puce-32883.gif?1623845664\" alt=\"-\" width=\"8\" height=\"11\" \/>\u00a0 les formulaires<br class=\"autobr\" \/>Les donn\u00e9es que nous recueillons via nos formulaires sont uniquement celles que vous consentez \u00e0 nous fournir et ne sont en aucun cas transmises \u00e0 des tiers et aucun usage commercial n\u2019est fait de ces donn\u00e9es. Elles nous sont n\u00e9cessaires afin de pouvoir r\u00e9pondre \u00e0 votre demande ou vous fournir le service correspondant. Sauf mention contraire expresse sur le formulaire, seuls les agents des services concern\u00e9s sont amen\u00e9s \u00e0 traiter vos donn\u00e9es.<\/p><h3 class=\"spip\">Vos droits<\/h3><p>Conform\u00e9ment \u00e0 la loi Informatique et Libert\u00e9s n\u00b0\u00a078-17 du 6 janvier 1978 modifi\u00e9e, ainsi qu\u2019au R\u00e8glement (UE) 2016\/679 dit \u00ab\u00a0RGPD\u00a0\u00bb, vous disposez de plusieurs droits concernant vos donn\u00e9es personnelles\u00a0:<br \/><img decoding=\"async\" loading=\"lazy\" class=\"puce\" src=\"https:\/\/toul.fr\/local\/cache-vignettes\/L8xH11\/puce-32883.gif?1623845664\" alt=\"-\" width=\"8\" height=\"11\" \/>\u00a0 Droit d\u2019acc\u00e8s, de rectification et d\u2019effacement de vos donn\u00e9es<br \/><img decoding=\"async\" loading=\"lazy\" class=\"puce\" src=\"https:\/\/toul.fr\/local\/cache-vignettes\/L8xH11\/puce-32883.gif?1623845664\" alt=\"-\" width=\"8\" height=\"11\" \/>\u00a0 Droit \u00e0 la limitation d\u2019un traitement<br \/><img decoding=\"async\" loading=\"lazy\" class=\"puce\" src=\"https:\/\/toul.fr\/local\/cache-vignettes\/L8xH11\/puce-32883.gif?1623845664\" alt=\"-\" width=\"8\" height=\"11\" \/>\u00a0 Droit de vous opposer, pour motifs l\u00e9gitimes, \u00e0 un traitement<br \/><img decoding=\"async\" loading=\"lazy\" class=\"puce\" src=\"https:\/\/toul.fr\/local\/cache-vignettes\/L8xH11\/puce-32883.gif?1623845664\" alt=\"-\" width=\"8\" height=\"11\" \/>\u00a0 Droit \u00e0 ne pas faire l\u2019objet d\u2019une d\u00e9cision automatis\u00e9e<br \/><img decoding=\"async\" loading=\"lazy\" class=\"puce\" src=\"https:\/\/toul.fr\/local\/cache-vignettes\/L8xH11\/puce-32883.gif?1623845664\" alt=\"-\" width=\"8\" height=\"11\" \/>\u00a0 Droit \u00e0 la portabilit\u00e9 de vos donn\u00e9es<br class=\"autobr\" \/>Pour en savoir plus sur vos droits, vous pouvez consulter le site de la CNIL\u00a0:\u00a0<a class=\"spip_url spip_out auto\" href=\"https:\/\/www.cnil.fr\/fr\/reglement-europeen-protection-donnees\/chapitre3\" rel=\"nofollow external\">https:\/\/www.cnil.fr\/fr\/reglement-europeen-protection-donnees\/chapitre3<\/a><br class=\"autobr\" \/>Vous pouvez \u00e0 tout moment demander \u00e0 faire exercice de vos droits en nous contactant de la fa\u00e7on suivante\u00a0:<br \/><img decoding=\"async\" loading=\"lazy\" class=\"puce\" src=\"https:\/\/toul.fr\/local\/cache-vignettes\/L8xH11\/puce-32883.gif?1623845664\" alt=\"-\" width=\"8\" height=\"11\" \/>\u00a0par courrier\u00a0: Mairie de Toul \u2013 13 rue de Rigny \u2013 54200 TOUL \u2013<br \/><img decoding=\"async\" loading=\"lazy\" class=\"puce\" src=\"https:\/\/toul.fr\/local\/cache-vignettes\/L8xH11\/puce-32883.gif?1623845664\" alt=\"-\" width=\"8\" height=\"11\" \/>\u00a0par T\u00e9l\u00e9phone\u00a0: 03.83.63.70.00<br \/><img decoding=\"async\" loading=\"lazy\" class=\"puce\" src=\"https:\/\/toul.fr\/local\/cache-vignettes\/L8xH11\/puce-32883.gif?1623845664\" alt=\"-\" width=\"8\" height=\"11\" \/>\u00a0par courriel\u00a0: contact@mairie-toul.fr<\/p><h3 class=\"spip\">Cookies<\/h3><p>Les cookies sont des petits fichiers informatiques qui contiennent certaines informations concernant votre navigation sur internet. Ils nous permettent de g\u00e9n\u00e9rer des statistiques (anonymes) sur les pages les plus visit\u00e9es de notre site internet. En outre, ils nous donnent \u00e9galement la possibilit\u00e9 de vous mettre \u00e0 disposition des services correspondant \u00e0 vos attentes. Nous avons recours \u00e0 l\u2019utilisation de l\u2019outil Google Analytics.<\/p><p>La conservation de ces cookies est limit\u00e9e dans le temps et n\u2019exc\u00e8de jamais 13 mois, conform\u00e9ment aux pr\u00e9conisations de la CNIL.<br class=\"autobr\" \/>Vous avez la possibilit\u00e9 de refuser l\u2019utilisation de ces cookies sans que cela n\u2019entrave votre navigation sur notre site internet, cependant certains services pourront ne pas \u00eatre disponibles.<br class=\"autobr\" \/>Il vous est \u00e9galement possible, \u00e0 tout moment, de g\u00e9rer ou supprimer les cookies qui sont install\u00e9s sur votre ordinateur. Pour cela, nous vous invitons \u00e0 consulter cet article de la CNIL\u00a0:<br class=\"autobr\" \/><a class=\"spip_url spip_out auto\" href=\"https:\/\/www.cnil.fr\/fr\/cookies-les-outils-pour-les-maitriser\" rel=\"nofollow external\">https:\/\/www.cnil.fr\/fr\/cookies-les-outils-pour-les-maitriser<\/a><\/p><h3 class=\"spip\">Contact<\/h3><p>Pour toute question relative \u00e0 la protection de vos donn\u00e9es personnelles, vous pouvez contacter notre D\u00e9l\u00e9gu\u00e9 \u00e0 la Protection des Donn\u00e9es via le formulaire suivant\u00a0:\u00a0<a class=\"spip_url spip_out auto\" href=\"https:\/\/www.agirhe.cdg54.fr\/TDB\/rgpd.aspx\" rel=\"nofollow external\">https:\/\/www.agirhe.cdg54.fr\/TDB\/rgpd.aspx<\/a><br class=\"autobr\" \/>Pour toute autre question, les services de la Vile de Toul sont joignables\u00a0:<br \/><img decoding=\"async\" loading=\"lazy\" class=\"puce\" src=\"https:\/\/toul.fr\/local\/cache-vignettes\/L8xH11\/puce-32883.gif?1623845664\" alt=\"-\" width=\"8\" height=\"11\" \/>\u00a0par courrier\u00a0: Mairie de Toul \u2013 13 rue de Rigny \u2013 54200 TOUL \u2013<br \/><img decoding=\"async\" loading=\"lazy\" class=\"puce\" src=\"https:\/\/toul.fr\/local\/cache-vignettes\/L8xH11\/puce-32883.gif?1623845664\" alt=\"-\" width=\"8\" height=\"11\" \/>\u00a0par T\u00e9l\u00e9phone\u00a0: 03.83.63.70.00<br \/><img decoding=\"async\" loading=\"lazy\" class=\"puce\" src=\"https:\/\/toul.fr\/local\/cache-vignettes\/L8xH11\/puce-32883.gif?1623845664\" alt=\"-\" width=\"8\" height=\"11\" \/>\u00a0par courriel\u00a0: contact@mairie-toul.fr<\/p><\/div>\t\t\t\t\t<\/div>\n\t\t\t\t\t\t<\/div>\n\t\t\t\t<\/div>\n\t\t\t\t<div class=\"elementor-element elementor-element-111a40f elementor-widget elementor-widget-spacer\" data-id=\"111a40f\" data-element_type=\"widget\" data-widget_type=\"spacer.default\">\n\t\t\t\t<div class=\"elementor-widget-container\">\n\t\t\t\t\t<div class=\"elementor-spacer\">\n\t\t\t<div class=\"elementor-spacer-inner\"><\/div>\n\t\t<\/div>\n\t\t\t\t<\/div>\n\t\t\t\t<\/div>\n\t\t\t\t<div class=\"elementor-element elementor-element-44d2778 elementor-widget elementor-widget-spacer\" data-id=\"44d2778\" data-element_type=\"widget\" data-widget_type=\"spacer.default\">\n\t\t\t\t<div class=\"elementor-widget-container\">\n\t\t\t\t\t<div class=\"elementor-spacer\">\n\t\t\t<div class=\"elementor-spacer-inner\"><\/div>\n\t\t<\/div>\n\t\t\t\t<\/div>\n\t\t\t\t<\/div>\n\t\t\t\t\t\t<\/div>\n\t\t\t\t\t<\/div>\n\t\t<\/div>\n\t\t\t\t\t\t\t\t<\/div>\n\t\t\t\t\t<\/div>\n\t\t<\/section>\n\t\t\t\t\t\t<\/div>\n\t\t\t\t\t<\/div>\n\t\t<\/div>\n\t\t\t\t\t\t\t\t<\/div>\n\t\t\t\t\t<\/div>\n\t\t<\/section>\n\t\t\t\t\t\t<\/div>\n\t\t\t\t\t\t<\/div>\n\t\t\t\t\t<\/div>\n\t\t","protected":false},"excerpt":{"rendered":"<p>\u00a0 POLITIQUE DE PROTECTION DES DONN\u00c9ES Informations g\u00e9n\u00e9rales La Vile de Toul est l\u2019\u00e9diteur du contenu du site internet\u00a0www.toul.fr\u00a0et le responsable des traitements de donn\u00e9es s\u2019y trouvant. Mesures de s\u00e9curit\u00e9 Tr\u00e8s soucieuse de la qualit\u00e9 de ses services, la&hellip;<\/p>\n","protected":false},"author":1,"featured_media":0,"parent":0,"menu_order":0,"comment_status":"closed","ping_status":"closed","template":"","meta":[],"_links":{"self":[{"href":"https:\/\/toul.fr\/cathedrale800ans\/wp-json\/wp\/v2\/pages\/336"}],"collection":[{"href":"https:\/\/toul.fr\/cathedrale800ans\/wp-json\/wp\/v2\/pages"}],"about":[{"href":"https:\/\/toul.fr\/cathedrale800ans\/wp-json\/wp\/v2\/types\/page"}],"author":[{"embeddable":true,"href":"https:\/\/toul.fr\/cathedrale800ans\/wp-json\/wp\/v2\/users\/1"}],"replies":[{"embeddable":true,"href":"https:\/\/toul.fr\/cathedrale800ans\/wp-json\/wp\/v2\/comments?post=336"}],"version-history":[{"count":7,"href":"https:\/\/toul.fr\/cathedrale800ans\/wp-json\/wp\/v2\/pages\/336\/revisions"}],"predecessor-version":[{"id":2848,"href":"https:\/\/toul.fr\/cathedrale800ans\/wp-json\/wp\/v2\/pages\/336\/revisions\/2848"}],"wp:attachment":[{"href":"https:\/\/toul.fr\/cathedrale800ans\/wp-json\/wp\/v2\/media?parent=336"}],"curies":[{"name":"wp","href":"https:\/\/api.w.org\/{rel}","templated":true}]}}